{"id":18,"date":"2025-04-02T00:44:29","date_gmt":"2025-04-01T23:44:29","guid":{"rendered":"http:\/\/nodanoma.com\/silverstorm\/"},"modified":"2026-03-19T00:22:12","modified_gmt":"2026-03-18T23:22:12","slug":"silverstorm","status":"publish","type":"page","link":"https:\/\/nodanoma.com\/de\/","title":{"rendered":"Ank\u00fcndigung: Buchver\u00f6ffentlichung"},"content":{"rendered":"\n<p>Twei weitere Analogfotografen und meine Wenigkeit werden in diesem Sommer unser erstes <strong>Fotobuch <\/strong>ver\u00f6ffentlichen. Es dokumentiert das sogenannte <strong>Telefoton<\/strong>-Spiel, der Vorverkauf hat begonnen und w\u00e4hrt zun\u00e4chst bis Ostern fort.<\/p>\n\n\n\n<p>Das Buch via <a href=\"https:\/\/www.numonday.com\/product\/telephoton-self-published-photo-book-pre-sale\/\" target=\"_blank\" rel=\"noreferrer noopener\">Numonday<\/a> (UK) vorbestellt werden, um uns zu helfen, das Budget f\u00fcr Qualit\u00e4t und Auflage der handsignierten Erstexemplare absch\u00e4tzen zu k\u00f6nnen. <\/p>\n\n\n\n<p>Um das Spiel und seine Magie kennenzulernen, kann zum folgenden Artikel navigiert werden:<br><a href=\"https:\/\/nodanoma.com\/fotografie\/book-release-telefoton\/\">Buchver\u00f6ffentlichung: TELEFOTON<\/a><\/p>\n\n\n\n<hr class=\"wp-block-separator has-alpha-channel-opacity\"\/>\n\n\n\n<h2 class=\"wp-block-heading\">Liminales Theater<\/h2>\n\n\n\n<figure data-wp-context=\"{&quot;imageId&quot;:&quot;69e88da5dab31&quot;}\" data-wp-interactive=\"core\/image\" class=\"wp-block-image size-full wp-lightbox-container\"><img loading=\"lazy\" decoding=\"async\" width=\"892\" height=\"615\" data-wp-class--hide=\"state.isContentHidden\" data-wp-class--show=\"state.isContentVisible\" data-wp-init=\"callbacks.setButtonStyles\" data-wp-on-async--click=\"actions.showLightbox\" data-wp-on-async--load=\"callbacks.setButtonStyles\" data-wp-on-async-window--resize=\"callbacks.setButtonStyles\" src=\"https:\/\/nodanoma.com\/wp-content\/uploads\/2026\/03\/Oneironaut_Handabzug_Ilford-Warmtone-Pearl_Rescan-80dpi.jpg\" alt=\"\" class=\"wp-image-1876\" srcset=\"https:\/\/nodanoma.com\/wp-content\/uploads\/2026\/03\/Oneironaut_Handabzug_Ilford-Warmtone-Pearl_Rescan-80dpi.jpg 892w, https:\/\/nodanoma.com\/wp-content\/uploads\/2026\/03\/Oneironaut_Handabzug_Ilford-Warmtone-Pearl_Rescan-80dpi-300x207.jpg 300w, https:\/\/nodanoma.com\/wp-content\/uploads\/2026\/03\/Oneironaut_Handabzug_Ilford-Warmtone-Pearl_Rescan-80dpi-768x530.jpg 768w\" sizes=\"auto, (max-width: 892px) 100vw, 892px\" \/><button\n\t\t\tclass=\"lightbox-trigger\"\n\t\t\ttype=\"button\"\n\t\t\taria-haspopup=\"dialog\"\n\t\t\taria-label=\"Bild vergr\u00f6\u00dfern\"\n\t\t\tdata-wp-init=\"callbacks.initTriggerButton\"\n\t\t\tdata-wp-on-async--click=\"actions.showLightbox\"\n\t\t\tdata-wp-style--right=\"state.imageButtonRight\"\n\t\t\tdata-wp-style--top=\"state.imageButtonTop\"\n\t\t>\n\t\t\t<svg xmlns=\"http:\/\/www.w3.org\/2000\/svg\" width=\"12\" height=\"12\" fill=\"none\" viewBox=\"0 0 12 12\">\n\t\t\t\t<path fill=\"#fff\" d=\"M2 0a2 2 0 0 0-2 2v2h1.5V2a.5.5 0 0 1 .5-.5h2V0H2Zm2 10.5H2a.5.5 0 0 1-.5-.5V8H0v2a2 2 0 0 0 2 2h2v-1.5ZM8 12v-1.5h2a.5.5 0 0 0 .5-.5V8H12v2a2 2 0 0 1-2 2H8Zm2-12a2 2 0 0 1 2 2v2h-1.5V2a.5.5 0 0 0-.5-.5H8V0h2Z\" \/>\n\t\t\t<\/svg>\n\t\t<\/button><figcaption class=\"wp-element-caption\">Negativ-Handabzug auf ILFORD Warmtone Pearl, 24&#215;30.5cm<\/figcaption><\/figure>\n\n\n\n<p><em>Sauerstoff wird mich den Duft des Zwischenraums vergessen lassen.<\/em><\/p>\n\n\n\n<p>Dieser Ort wurde soeben erst kreiert und wird sich voraussichtlich als weiterf\u00fchrendes Tagebuch meiner Herangehensweise an Sehnsucht, Vision, Sch\u00f6pfung und Kunst widmen. Folge mir nirgendwohin, abonniere keine Telegramme. Atme ganz normal weiter.<\/p>\n\n\n\n<p>Hier gelangst du zum ersten publizierten Artikel:<br>\u300c <a href=\"http:\/\/nodanoma.com\/light-writing\/tookyoo-to-sashima\/\">\u6771\u4eac\u3068\u4f50\u5cf6 \u300d\u3000Juxtamorph<\/a><\/p>\n\n\n\n<p>Ich bin Teil von <a href=\"https:\/\/xenorama.com\" data-type=\"link\" data-id=\"https:\/\/xenorama.com\" target=\"_blank\" rel=\"noreferrer noopener\">Xenorama | Studio for audiovisual art<\/a>, des <a href=\"http:\/\/werk7potsdam.de\" data-type=\"link\" data-id=\"werk7potsdam.de\" target=\"_blank\" rel=\"noreferrer noopener\">Werk7-Kollektivs<\/a> in Potsdam bei Berlin sowie ein Drittel der Analogen Fotografen ISO3..<\/p>\n","protected":false},"excerpt":{"rendered":"<p>Twei weitere Analogfotografen und meine Wenigkeit werden in diesem Sommer unser erstes Fotobuch ver\u00f6ffentlichen. Es dokumentiert das sogenannte Telefoton-Spiel, der Vorverkauf hat begonnen und w\u00e4hrt zun\u00e4chst bis Ostern fort. Das Buch via Numonday (UK) vorbestellt werden, um uns zu helfen, das Budget f\u00fcr Qualit\u00e4t und &hellip; <a href=\"https:\/\/nodanoma.com\/de\/\" class=\"more-link\"><span>Continue reading<span class=\"screen-reader-text\">Ank\u00fcndigung: Buchver\u00f6ffentlichung<\/span><\/span><\/a><\/p>\n","protected":false},"author":1,"featured_media":1872,"parent":0,"menu_order":0,"comment_status":"closed","ping_status":"closed","template":"","meta":{"footnotes":""},"class_list":["post-18","page","type-page","status-publish","has-post-thumbnail","hentry"],"translation":{"provider":"WPGlobus","version":"3.0.2","language":"de","enabled_languages":["en","de"],"languages":{"en":{"title":true,"content":true,"excerpt":false},"de":{"title":true,"content":true,"excerpt":false}}},"_links":{"self":[{"href":"https:\/\/nodanoma.com\/de\/wp-json\/wp\/v2\/pages\/18","targetHints":{"allow":["GET"]}}],"collection":[{"href":"https:\/\/nodanoma.com\/de\/wp-json\/wp\/v2\/pages"}],"about":[{"href":"https:\/\/nodanoma.com\/de\/wp-json\/wp\/v2\/types\/page"}],"author":[{"embeddable":true,"href":"https:\/\/nodanoma.com\/de\/wp-json\/wp\/v2\/users\/1"}],"replies":[{"embeddable":true,"href":"https:\/\/nodanoma.com\/de\/wp-json\/wp\/v2\/comments?post=18"}],"version-history":[{"count":21,"href":"https:\/\/nodanoma.com\/de\/wp-json\/wp\/v2\/pages\/18\/revisions"}],"predecessor-version":[{"id":2156,"href":"https:\/\/nodanoma.com\/de\/wp-json\/wp\/v2\/pages\/18\/revisions\/2156"}],"wp:featuredmedia":[{"embeddable":true,"href":"https:\/\/nodanoma.com\/de\/wp-json\/wp\/v2\/media\/1872"}],"wp:attachment":[{"href":"https:\/\/nodanoma.com\/de\/wp-json\/wp\/v2\/media?parent=18"}],"curies":[{"name":"wp","href":"https:\/\/api.w.org\/{rel}","templated":true}]}}